{"id":30,"date":"2024-03-05T08:13:56","date_gmt":"2024-03-05T06:13:56","guid":{"rendered":"https:\/\/www.heck-pack.ee\/?page_id=30"},"modified":"2024-03-05T08:15:16","modified_gmt":"2024-03-05T06:15:16","slug":"heck-pack-lahendused-haakekonksule","status":"publish","type":"page","link":"https:\/\/www.heck-pack.ee\/","title":{"rendered":"Heck-Pack lahendused haakekonksule"},"content":{"rendered":"\t\t<div data-elementor-type=\"wp-page\" data-elementor-id=\"30\" class=\"elementor elementor-30\">\n\t\t\t\t\t\t<section class=\"elementor-section elementor-top-section elementor-element elementor-element-7caf361e elementor-section-boxed elementor-section-height-default elementor-section-height-default\" data-id=\"7caf361e\" data-element_type=\"section\" data-e-type=\"section\" data-settings=\"{&quot;background_background&quot;:&quot;classic&quot;}\">\n\t\t\t\t\t\t<div class=\"elementor-container elementor-column-gap-default\">\n\t\t\t\t\t<div class=\"elementor-column elementor-col-100 elementor-top-column elementor-element elementor-element-7fefadc2\" data-id=\"7fefadc2\" data-element_type=\"column\" data-e-type=\"column\">\n\t\t\t<div class=\"elementor-widget-wrap elementor-element-populated\">\n\t\t\t\t\t\t<div class=\"elementor-element elementor-element-3c9abc5b elementor-widget elementor-widget-spacer\" data-id=\"3c9abc5b\" data-element_type=\"widget\" data-e-type=\"widget\" data-widget_type=\"spacer.default\">\n\t\t\t\t<div class=\"elementor-widget-container\">\n\t\t\t\t\t\t\t<div class=\"elementor-spacer\">\n\t\t\t<div class=\"elementor-spacer-inner\"><\/div>\n\t\t<\/div>\n\t\t\t\t\t\t<\/div>\n\t\t\t\t<\/div>\n\t\t\t\t<div class=\"elementor-element elementor-element-207d19d1 elementor-widget elementor-widget-image\" data-id=\"207d19d1\" data-element_type=\"widget\" data-e-type=\"widget\" data-widget_type=\"image.default\">\n\t\t\t\t<div class=\"elementor-widget-container\">\n\t\t\t\t\t\t\t\t\t\t\t\t\t\t\t<img decoding=\"async\" width=\"300\" height=\"75\" src=\"https:\/\/www.heck-pack.ee\/wp-content\/uploads\/2023\/07\/Hech-pack-lahendused-haakekonksule-300x75.jpg\" class=\"attachment-medium size-medium wp-image-6\" alt=\"\" srcset=\"https:\/\/www.heck-pack.ee\/wp-content\/uploads\/2023\/07\/Hech-pack-lahendused-haakekonksule-300x75.jpg 300w, https:\/\/www.heck-pack.ee\/wp-content\/uploads\/2023\/07\/Hech-pack-lahendused-haakekonksule-1024x256.jpg 1024w, https:\/\/www.heck-pack.ee\/wp-content\/uploads\/2023\/07\/Hech-pack-lahendused-haakekonksule-768x192.jpg 768w, https:\/\/www.heck-pack.ee\/wp-content\/uploads\/2023\/07\/Hech-pack-lahendused-haakekonksule.jpg 1182w\" sizes=\"(max-width: 300px) 100vw, 300px\" \/>\t\t\t\t\t\t\t\t\t\t\t\t\t\t\t<\/div>\n\t\t\t\t<\/div>\n\t\t\t\t<div class=\"elementor-element elementor-element-73a59b1e elementor-widget elementor-widget-spacer\" data-id=\"73a59b1e\" data-element_type=\"widget\" data-e-type=\"widget\" data-widget_type=\"spacer.default\">\n\t\t\t\t<div class=\"elementor-widget-container\">\n\t\t\t\t\t\t\t<div class=\"elementor-spacer\">\n\t\t\t<div class=\"elementor-spacer-inner\"><\/div>\n\t\t<\/div>\n\t\t\t\t\t\t<\/div>\n\t\t\t\t<\/div>\n\t\t\t\t\t<\/div>\n\t\t<\/div>\n\t\t\t\t\t<\/div>\n\t\t<\/section>\n\t\t\t\t<section class=\"elementor-section elementor-top-section elementor-element elementor-element-3f218109 elementor-section-boxed elementor-section-height-default elementor-section-height-default\" data-id=\"3f218109\" data-element_type=\"section\" data-e-type=\"section\" data-settings=\"{&quot;background_background&quot;:&quot;classic&quot;}\">\n\t\t\t\t\t\t<div class=\"elementor-container elementor-column-gap-default\">\n\t\t\t\t\t<div class=\"elementor-column elementor-col-50 elementor-top-column elementor-element elementor-element-65585da6\" data-id=\"65585da6\" data-element_type=\"column\" data-e-type=\"column\" data-settings=\"{&quot;background_background&quot;:&quot;classic&quot;}\">\n\t\t\t<div class=\"elementor-widget-wrap elementor-element-populated\">\n\t\t\t\t\t<div class=\"elementor-background-overlay\"><\/div>\n\t\t\t\t\t\t<div class=\"elementor-element elementor-element-3a466836 elementor-widget elementor-widget-text-editor\" data-id=\"3a466836\" data-element_type=\"widget\" data-e-type=\"widget\" data-widget_type=\"text-editor.default\">\n\t\t\t\t<div class=\"elementor-widget-container\">\n\t\t\t\t\t\t\t\t\t<h3 style=\"text-align: center;\"><span style=\"color: #ffffff;\">Tellimine<\/span><\/h3><p style=\"text-align: center;\">Tooteid saab hetkel tellida valides allolevast hinnakirjast tooted ja kirjutades ostusoovist <span style=\"color: #00ccff;\"><a style=\"color: #00ccff;\" href=\"mailto:info@heck-pack.ee\">info@heck-pack.ee<\/a><\/span> v\u00f5i helistades 506 2246.<\/p>\t\t\t\t\t\t\t\t<\/div>\n\t\t\t\t<\/div>\n\t\t\t\t\t<\/div>\n\t\t<\/div>\n\t\t\t\t<div class=\"elementor-column elementor-col-50 elementor-top-column elementor-element elementor-element-6eafee6e\" data-id=\"6eafee6e\" data-element_type=\"column\" data-e-type=\"column\" data-settings=\"{&quot;background_background&quot;:&quot;classic&quot;}\">\n\t\t\t<div class=\"elementor-widget-wrap elementor-element-populated\">\n\t\t\t\t\t<div class=\"elementor-background-overlay\"><\/div>\n\t\t\t\t\t\t<div class=\"elementor-element elementor-element-25c43f99 elementor-widget elementor-widget-text-editor\" data-id=\"25c43f99\" data-element_type=\"widget\" data-e-type=\"widget\" data-widget_type=\"text-editor.default\">\n\t\t\t\t<div class=\"elementor-widget-container\">\n\t\t\t\t\t\t\t\t\t<h3 style=\"text-align: center;\">Kontaktid<\/h3><p style=\"text-align: center;\"><span style=\"color: #00ccff;\"><strong><a style=\"color: #00ccff;\" href=\"mailto:info@heck-pack.ee\">info@heck-pack.ee<\/a><\/strong><\/span><br \/><strong>Telefon<\/strong> 506 2246<br \/><strong>Tegevusaadress:<\/strong><br \/>Jaanuse, P\u00f5hara k\u00fcla, P\u00e4rnu linn<br \/>88318 P\u00e4rnumaa<\/p>\t\t\t\t\t\t\t\t<\/div>\n\t\t\t\t<\/div>\n\t\t\t\t\t<\/div>\n\t\t<\/div>\n\t\t\t\t\t<\/div>\n\t\t<\/section>\n\t\t\t\t<section class=\"elementor-section elementor-top-section elementor-element elementor-element-2e4e343a elementor-section-boxed elementor-section-height-default elementor-section-height-default\" data-id=\"2e4e343a\" data-element_type=\"section\" data-e-type=\"section\">\n\t\t\t\t\t\t<div class=\"elementor-container elementor-column-gap-default\">\n\t\t\t\t\t<div class=\"elementor-column elementor-col-100 elementor-top-column elementor-element elementor-element-6881998a\" data-id=\"6881998a\" data-element_type=\"column\" data-e-type=\"column\">\n\t\t\t<div class=\"elementor-widget-wrap elementor-element-populated\">\n\t\t\t\t\t\t<div class=\"elementor-element elementor-element-268ef015 elementor-widget elementor-widget-spacer\" data-id=\"268ef015\" data-element_type=\"widget\" data-e-type=\"widget\" data-widget_type=\"spacer.default\">\n\t\t\t\t<div class=\"elementor-widget-container\">\n\t\t\t\t\t\t\t<div class=\"elementor-spacer\">\n\t\t\t<div class=\"elementor-spacer-inner\"><\/div>\n\t\t<\/div>\n\t\t\t\t\t\t<\/div>\n\t\t\t\t<\/div>\n\t\t\t\t<div class=\"elementor-element elementor-element-79c51653 elementor-widget elementor-widget-heading\" data-id=\"79c51653\" data-element_type=\"widget\" data-e-type=\"widget\" data-widget_type=\"heading.default\">\n\t\t\t\t<div class=\"elementor-widget-container\">\n\t\t\t\t\t<h2 class=\"elementor-heading-title elementor-size-default\">Heck-Pack hinnakiri<\/h2>\t\t\t\t<\/div>\n\t\t\t\t<\/div>\n\t\t\t\t<div class=\"elementor-element elementor-element-4ebfaf80 elementor-widget elementor-widget-html\" data-id=\"4ebfaf80\" data-element_type=\"widget\" data-e-type=\"widget\" data-widget_type=\"html.default\">\n\t\t\t\t<div class=\"elementor-widget-container\">\n\t\t\t\t\t<iframe height=\"600\" width=\"400\" src=\"https:\/\/docs.google.com\/spreadsheets\/d\/e\/2PACX-1vT4ZFNZSPTqlnRnOKDhrcHwsi8RrtWud_50lX7jZJxC5EPwU2mQhujIkgeoKYmRMtMaPKnKYAXenorU\/pubhtml?gid=753991302&amp;single=true&amp;widget=true&amp;headers=true\"><\/iframe>\t\t\t\t<\/div>\n\t\t\t\t<\/div>\n\t\t\t\t\t<\/div>\n\t\t<\/div>\n\t\t\t\t\t<\/div>\n\t\t<\/section>\n\t\t\t\t<\/div>\n\t\t","protected":false},"excerpt":{"rendered":"<p>Tellimine Tooteid saab hetkel tellida valides allolevast hinnakirjast tooted ja kirjutades ostusoovist info@heck-pack.ee v\u00f5i helistades 506 2246. Kontaktid info@heck-pack.eeTelefon 506 2246Tegevusaadress:Jaanuse, P\u00f5hara k\u00fcla, P\u00e4rnu linn88318 P\u00e4rnumaa Heck-Pack hinnakiri<\/p>\n","protected":false},"author":1,"featured_media":0,"parent":0,"menu_order":0,"comment_status":"closed","ping_status":"closed","template":"elementor_canvas","meta":{"footnotes":""},"class_list":["post-30","page","type-page","status-publish"],"_links":{"self":[{"href":"https:\/\/www.heck-pack.ee\/index.php\/wp-json\/wp\/v2\/pages\/30","targetHints":{"allow":["GET"]}}],"collection":[{"href":"https:\/\/www.heck-pack.ee\/index.php\/wp-json\/wp\/v2\/pages"}],"about":[{"href":"https:\/\/www.heck-pack.ee\/index.php\/wp-json\/wp\/v2\/types\/page"}],"author":[{"embeddable":true,"href":"https:\/\/www.heck-pack.ee\/index.php\/wp-json\/wp\/v2\/users\/1"}],"replies":[{"embeddable":true,"href":"https:\/\/www.heck-pack.ee\/index.php\/wp-json\/wp\/v2\/comments?post=30"}],"version-history":[{"count":4,"href":"https:\/\/www.heck-pack.ee\/index.php\/wp-json\/wp\/v2\/pages\/30\/revisions"}],"predecessor-version":[{"id":34,"href":"https:\/\/www.heck-pack.ee\/index.php\/wp-json\/wp\/v2\/pages\/30\/revisions\/34"}],"wp:attachment":[{"href":"https:\/\/www.heck-pack.ee\/index.php\/wp-json\/wp\/v2\/media?parent=30"}],"curies":[{"name":"wp","href":"https:\/\/api.w.org\/{rel}","templated":true}]}}